{"id":37,"date":"2023-05-12T13:22:53","date_gmt":"2023-05-12T10:22:53","guid":{"rendered":"http:\/\/ozarisoynakliyat.com.tr\/index.php\/hakkinda\/"},"modified":"2023-07-06T13:41:03","modified_gmt":"2023-07-06T10:41:03","slug":"hakkinda","status":"publish","type":"page","link":"https:\/\/ozarisoynakliyat.com.tr\/index.php\/hakkinda\/","title":{"rendered":"Ara\u00e7lar\u0131m\u0131z"},"content":{"rendered":"\n    \n    <section class=\"u-align-center u-clearfix u-section-2\" id=\"sec-4784\">\n      <div class=\"u-clearfix u-sheet u-valign-middle u-sheet-1\">\n        <h2 class=\"u-text u-text-default u-text-1\">Nakliyat Ara\u00e7lar\u0131m\u0131z<\/h2>\n        <p class=\"u-text u-text-2\">T\u00fcrkiye'nin Her noktas\u0131na hizmet<\/p>\n        <div class=\"u-expanded-width u-gallery u-layout-grid u-lightbox u-show-text-on-hover u-gallery-1\">\n          <div class=\"u-gallery-inner u-gallery-inner-1\">\n            <div class=\"u-effect-fade u-gallery-item\">\n              <div class=\"u-back-slide\" data-image-width=\"2040\" data-image-height=\"1148\">\n                <img decoding=\"async\" class=\"u-back-image u-expanded\" src=\"http:\/\/ozarisoynakliyat.com.tr\/wp-content\/uploads\/2023\/07\/IMG-20230705-WA0012.jpg\">\n              <\/div>\n              <div class=\"u-over-slide u-shading u-over-slide-1\">\n                <h3 class=\"u-gallery-heading\"><\/h3>\n                <p class=\"u-gallery-text\"><\/p>\n              <\/div>\n            <\/div>\n            <div class=\"u-effect-fade u-gallery-item\">\n              <div class=\"u-back-slide\" data-image-width=\"2040\" data-image-height=\"1148\">\n                <img decoding=\"async\" class=\"u-back-image u-expanded\" src=\"http:\/\/ozarisoynakliyat.com.tr\/wp-content\/uploads\/2023\/07\/IMG-20230705-WA0010.jpg\">\n              <\/div>\n              <div class=\"u-over-slide u-shading u-over-slide-2\">\n                <h3 class=\"u-gallery-heading\"><\/h3>\n                <p class=\"u-gallery-text\"><\/p>\n              <\/div>\n            <\/div>\n            <div class=\"u-effect-fade u-gallery-item\">\n              <div class=\"u-back-slide\" data-image-width=\"1080\" data-image-height=\"810\">\n                <img decoding=\"async\" class=\"u-back-image u-expanded\" src=\"http:\/\/ozarisoynakliyat.com.tr\/wp-content\/uploads\/2023\/07\/IMG-20230705-WA0016.jpg\">\n              <\/div>\n              <div class=\"u-over-slide u-shading u-over-slide-3\">\n                <h3 class=\"u-gallery-heading\"><\/h3>\n                <p class=\"u-gallery-text\"><\/p>\n              <\/div>\n            <\/div>\n            <div class=\"u-effect-fade u-gallery-item\">\n              <div class=\"u-back-slide\" data-image-width=\"2040\" data-image-height=\"1148\">\n                <img decoding=\"async\" class=\"u-back-image u-expanded\" src=\"http:\/\/ozarisoynakliyat.com.tr\/wp-content\/uploads\/2023\/07\/IMG-20230705-WA0013.jpg\">\n              <\/div>\n              <div class=\"u-over-slide u-shading u-over-slide-4\">\n                <h3 class=\"u-gallery-heading\"><\/h3>\n                <p class=\"u-gallery-text\"><\/p>\n              <\/div>\n            <\/div>\n            <div class=\"u-effect-fade u-gallery-item\">\n              <div class=\"u-back-slide\" data-image-width=\"2040\" data-image-height=\"1148\">\n                <img decoding=\"async\" class=\"u-back-image u-expanded\" src=\"http:\/\/ozarisoynakliyat.com.tr\/wp-content\/uploads\/2023\/07\/IMG-20230705-WA0014.jpg\">\n              <\/div>\n              <div class=\"u-over-slide u-shading u-over-slide-5\">\n                <h3 class=\"u-gallery-heading\"><\/h3>\n                <p class=\"u-gallery-text\"><\/p>\n              <\/div>\n            <\/div>\n            <div class=\"u-effect-fade u-gallery-item\">\n              <div class=\"u-back-slide\" data-image-width=\"1600\" data-image-height=\"1200\">\n                <img decoding=\"async\" class=\"u-back-image u-expanded\" src=\"http:\/\/ozarisoynakliyat.com.tr\/wp-content\/uploads\/2023\/07\/IMG-20230705-WA0018.jpg\">\n              <\/div>\n              <div class=\"u-over-slide u-shading u-over-slide-6\">\n                <h3 class=\"u-gallery-heading\"><\/h3>\n                <p class=\"u-gallery-text\"><\/p>\n              <\/div>\n            <\/div>\n          <\/div>\n        <\/div>\n      <\/div>\n    <\/section>\n    \n    \n    \n  \n","protected":false},"excerpt":{"rendered":"<p>Nakliyat Ara\u00e7lar\u0131m\u0131z T\u00fcrkiye&#8217;nin Her noktas\u0131na hizmet<\/p>\n","protected":false},"author":1,"featured_media":0,"parent":0,"menu_order":1,"comment_status":"closed","ping_status":"closed","template":"","meta":{"footnotes":""},"class_list":["post-37","page","type-page","status-publish","hentry"],"_links":{"self":[{"href":"https:\/\/ozarisoynakliyat.com.tr\/index.php\/wp-json\/wp\/v2\/pages\/37","targetHints":{"allow":["GET"]}}],"collection":[{"href":"https:\/\/ozarisoynakliyat.com.tr\/index.php\/wp-json\/wp\/v2\/pages"}],"about":[{"href":"https:\/\/ozarisoynakliyat.com.tr\/index.php\/wp-json\/wp\/v2\/types\/page"}],"author":[{"embeddable":true,"href":"https:\/\/ozarisoynakliyat.com.tr\/index.php\/wp-json\/wp\/v2\/users\/1"}],"replies":[{"embeddable":true,"href":"https:\/\/ozarisoynakliyat.com.tr\/index.php\/wp-json\/wp\/v2\/comments?post=37"}],"version-history":[{"count":8,"href":"https:\/\/ozarisoynakliyat.com.tr\/index.php\/wp-json\/wp\/v2\/pages\/37\/revisions"}],"predecessor-version":[{"id":116,"href":"https:\/\/ozarisoynakliyat.com.tr\/index.php\/wp-json\/wp\/v2\/pages\/37\/revisions\/116"}],"wp:attachment":[{"href":"https:\/\/ozarisoynakliyat.com.tr\/index.php\/wp-json\/wp\/v2\/media?parent=37"}],"curies":[{"name":"wp","href":"https:\/\/api.w.org\/{rel}","templated":true}]}}